{"id":181,"date":"2023-01-28T20:36:05","date_gmt":"2023-01-28T19:36:05","guid":{"rendered":"http:\/\/www.policoveregale.sk\/?post_type=product&#038;p=181"},"modified":"2025-05-15T23:08:44","modified_gmt":"2025-05-15T21:08:44","slug":"polica-predlzena-160kg-1295-x-610mm","status":"publish","type":"product","link":"https:\/\/www.policoveregale.sk\/cz\/produkt\/polica-predlzena-160kg-1295-x-610mm\/","title":{"rendered":"Polica pred\u013a\u017een\u00e1 160kg 1295 x 610mm"},"content":{"rendered":"","protected":false},"excerpt":{"rendered":"","protected":false},"featured_media":20,"template":"","meta":[],"product_cat":[16],"product_tag":[],"class_list":{"0":"post-181","1":"product","2":"type-product","3":"status-publish","4":"has-post-thumbnail","6":"product_cat-suciastky","8":"first","9":"instock","10":"taxable","11":"shipping-taxable","12":"purchasable","13":"product-type-simple"},"_links":{"self":[{"href":"https:\/\/www.policoveregale.sk\/cz\/wp-json\/wp\/v2\/product\/181","targetHints":{"allow":["GET"]}}],"collection":[{"href":"https:\/\/www.policoveregale.sk\/cz\/wp-json\/wp\/v2\/product"}],"about":[{"href":"https:\/\/www.policoveregale.sk\/cz\/wp-json\/wp\/v2\/types\/product"}],"wp:featuredmedia":[{"embeddable":true,"href":"https:\/\/www.policoveregale.sk\/cz\/wp-json\/wp\/v2\/media\/20"}],"wp:attachment":[{"href":"https:\/\/www.policoveregale.sk\/cz\/wp-json\/wp\/v2\/media?parent=181"}],"wp:term":[{"taxonomy":"product_cat","embeddable":true,"href":"https:\/\/www.policoveregale.sk\/cz\/wp-json\/wp\/v2\/product_cat?post=181"},{"taxonomy":"product_tag","embeddable":true,"href":"https:\/\/www.policoveregale.sk\/cz\/wp-json\/wp\/v2\/product_tag?post=181"}],"curies":[{"name":"wp","href":"https:\/\/api.w.org\/{rel}","templated":true}]}}