{"id":189,"date":"2023-01-28T20:36:05","date_gmt":"2023-01-28T19:36:05","guid":{"rendered":"http:\/\/www.policoveregale.sk\/?post_type=product&#038;p=189"},"modified":"2025-05-15T23:06:35","modified_gmt":"2025-05-15T21:06:35","slug":"polica-standard-so-zvysenou-nosnostou-180kg-990-x-457mm","status":"publish","type":"product","link":"https:\/\/www.policoveregale.sk\/cz\/produkt\/polica-standard-so-zvysenou-nosnostou-180kg-990-x-457mm\/","title":{"rendered":"Polica \u0161tandard so zv\u00fd\u0161enou nosnos\u0165ou 180kg 990 x 457mm"},"content":{"rendered":"","protected":false},"excerpt":{"rendered":"","protected":false},"featured_media":14,"template":"","meta":[],"product_cat":[16],"product_tag":[],"class_list":{"0":"post-189","1":"product","2":"type-product","3":"status-publish","4":"has-post-thumbnail","6":"product_cat-suciastky","8":"first","9":"instock","10":"taxable","11":"shipping-taxable","12":"purchasable","13":"product-type-simple"},"_links":{"self":[{"href":"https:\/\/www.policoveregale.sk\/cz\/wp-json\/wp\/v2\/product\/189","targetHints":{"allow":["GET"]}}],"collection":[{"href":"https:\/\/www.policoveregale.sk\/cz\/wp-json\/wp\/v2\/product"}],"about":[{"href":"https:\/\/www.policoveregale.sk\/cz\/wp-json\/wp\/v2\/types\/product"}],"wp:featuredmedia":[{"embeddable":true,"href":"https:\/\/www.policoveregale.sk\/cz\/wp-json\/wp\/v2\/media\/14"}],"wp:attachment":[{"href":"https:\/\/www.policoveregale.sk\/cz\/wp-json\/wp\/v2\/media?parent=189"}],"wp:term":[{"taxonomy":"product_cat","embeddable":true,"href":"https:\/\/www.policoveregale.sk\/cz\/wp-json\/wp\/v2\/product_cat?post=189"},{"taxonomy":"product_tag","embeddable":true,"href":"https:\/\/www.policoveregale.sk\/cz\/wp-json\/wp\/v2\/product_tag?post=189"}],"curies":[{"name":"wp","href":"https:\/\/api.w.org\/{rel}","templated":true}]}}